{"id":207,"date":"2020-06-05T14:43:14","date_gmt":"2020-06-05T13:43:14","guid":{"rendered":"http:\/\/berlincitytrips.com\/?page_id=207"},"modified":"2024-01-20T09:34:08","modified_gmt":"2024-01-20T09:34:08","slug":"taxis-lissabon","status":"publish","type":"page","link":"https:\/\/lisbontouristinformation.com\/de\/anreise\/taxis-lissabon\/","title":{"rendered":"Taxis in Lissabon: Uber, Flughafen-Shuttles &#038; Tarife"},"content":{"rendered":"<p style=\"\">Bei einem Besuch in Lissabon stehen verschiedene \u00f6ffentliche Verkehrsmittel sowie Taxis und Mitfahrgelegenheiten zur Verf\u00fcgung.<\/p>\n<p style=\"\">In diesem Artikel haben wir Informationen zu beiden Optionen in Bezug auf Preise und Funktionsweise gesammelt.<\/p>\n<h2 id=\"t-1654812719654\" style=\"\">1. Lokale Taxis in Lissabon: Wie funktionieren sie?<\/h2>\n<p><span style=\"height: 100%;\"><img decoding=\"async\" alt=\"\" data-id=\"6452\" width=\"702\" data-init-width=\"1000\" height=\"467\" data-init-height=\"665\" title=\"Taxis und Lift Apps in Lissabon in Portugal - Auto - Uber - Taxi\" src=\"https:\/\/lisbontouristinformation.com\/de\/wp-content\/uploads\/2022\/06\/Taxis-and-lift-Apps-in-Lisbon-in-Portugal-Taxi-Uber-Car.jpg\" data-width=\"702\" data-height=\"467\" style=\"margin-top: 0px; max-width: none !important; aspect-ratio: auto 1000 \/ 665;\" mt-d=\"0\" center-v-d=\"false\" loading=\"lazy\"><\/span><\/p>\n<p style=\"\"><strong>Taxis sind eine einfache Art, <\/strong><strong>sich in<\/strong><strong>&nbsp;Lissabon fortzubewegen<\/strong>, da die Fahrpreise etwas g\u00fcnstiger sind als in anderen europ\u00e4ischen L\u00e4ndern.&nbsp;Die meisten Fahrer sind etwas \u00e4lter und sprechen m\u00f6glicherweise nicht viel Englisch, aber wenn Sie <strong>Ihr Ziel aufschreiben<\/strong>, sollte dies Verwirrung vermeiden.&nbsp;<\/p>\n<p style=\"\">Viele Taxis bef\u00f6rdern bis zu 4 Passagiere, einige sind f\u00fcr bis zu 7 Passagiere verf\u00fcgbar, diese sind jedoch etwas teurer. Wenn Sie ein gr\u00f6\u00dferes Taxi ben\u00f6tigen, k\u00f6nnen Sie es kostenlos im Voraus buchen, indem Sie entweder die FREE NOW App verwenden oder den Transport von Ihrem Hotel organisieren lassen. Sie k\u00f6nnen auch versuchen, einen auf der Stra\u00dfe zu fangen, aber verlassen Sie sich besser nicht auf Ihr Gl\u00fcck, wenn Sie unter Zeitdruck stehen. &nbsp;<\/p>\n<p style=\"\">Wir empfehlen Ihnen, vorsichtig zu sein. Vereinbaren Sie keinen festen Preis, da die Fahrer ihren <strong>Taxameter einschalten m\u00fcssen. <\/strong>Nachts (21:00-6:00 Uhr), an Wochenenden und Feiertagen betr\u00e4gt der Fahrpreis 20 % mehr als \u00fcblich.&nbsp;<\/p>\n<p>Trinkgeld ist in Portugal nicht \u00fcblich, aber Sie k\u00f6nnen aufrunden, wenn der Service zufriedenstellend ist.<\/p>\n<h2 id=\"t-1654812719655\" style=\"\">2. Free Now App in Lissabon<\/h2>\n<p style=\"\">FREE NOW (fr\u00fcher bekannt als MyTaxi) ist eine App, mit der Sie ohne Aufpreis&nbsp;<strong>ein regelm\u00e4\u00dfiges Taxi buchen k\u00f6nnen.<\/strong><\/p>\n<p>Sie k\u00f6nnen bis zu 3 Taxis gleichzeitig bestellen und die App ist mit iPhone, Android und einem Windows 7-Telefon kompatibel.<\/p>\n<h2 id=\"t-1654812719656\" style=\"\">3. Uber App in Lissabon<\/h2>\n<p style=\"\">In Lissabon sind Uber-Fahrer normalerweise etwas j\u00fcnger und sprechen etwas mehr Englisch als traditionelle Taxifahrer. Stellen Sie sicher, dass Sie die App im Voraus herunterladen und sicherstellen, dass sie mit einer funktionierenden Kreditkarte aktiviert wird.<\/p>\n<p style=\"\">Sie k\u00f6nnen die Fahrzeuggr\u00f6\u00dfe und die Preisoptionen basierend auf den Bed\u00fcrfnissen Ihrer Gruppe ausw\u00e4hlen.&nbsp;<\/p>\n<p>Uber ist tendenziell <strong>etwas g\u00fcnstiger als herk\u00f6mmliche Taxitarife.<\/strong><\/p>\n<h2 id=\"t-1654812719657\" style=\"\">4. Bolt-App in Lissabon<\/h2>\n<p style=\"\">Bolt, fr\u00fcher bekannt als Taxify, ist eine weitere&nbsp;<span style=\"font-weight: 800;\">Mitfahrgelegenheits<\/span><strong>&#8211;<\/strong><b><strong>App<\/strong>, <span style=\"font-weight: normal;\">die<\/span><\/b> in ganz Portugal h\u00e4ufig verwendet wird.&nbsp;<\/p>\n<p style=\"\">Sie k\u00f6nnen ganz einfach einen Bolt vom Flughafen Lissabon nehmen, gehen Sie einfach zum Abflugbereich und arrangieren Sie die Abholung \u00fcber die Bolt-App.&nbsp;<\/p>\n<p style=\"\">Bolt funktioniert genauso wie Uber, Sie geben einfach Ihren Standort ein und ein Fahrer wird in K\u00fcrze mit Ihnen gekoppelt, basierend auf seiner N\u00e4he zu Ihnen. Sie k\u00f6nnen die gew\u00fcnschte Fahrzeuggr\u00f6\u00dfe auch anhand der Anzahl der Passagiere ausw\u00e4hlen.&nbsp;<\/p>\n<p style=\"\">Die Preise von Bolt sind im Allgemeinen niedriger als die von Uber, aber sie schwanken in Zeiten hoher Nachfrage. Der Umzug von einem Ende der Stadt zum anderen sollte in der Regel etwa 6-8 Euro kosten.&nbsp;<\/p>\n<p><strong>Die Fahrt vom Flughafen<\/strong> in die Innenstadt sollte etwa 10-15 Euro kosten.&nbsp;<\/p>\n<h2 id=\"t-1654812719658\" style=\"\">4. Ein Tipp zu Taxis vom Flughafen Lissabon<\/h2>\n<p><span style=\"height: 100%;\"><img decoding=\"async\" alt=\"\" data-id=\"6453\" width=\"702\" data-init-width=\"1000\" height=\"526\" data-init-height=\"749\" title=\"Taxis und Lift Apps in Lissabon in Portugal - Taxi - Uber - Auto - Flughafen\" src=\"https:\/\/lisbontouristinformation.com\/de\/wp-content\/uploads\/2022\/06\/Taxis-and-lift-Apps-in-Lisbon-in-Portugal-Taxi-Uber-Airport-Car.jpg\" data-width=\"702\" data-height=\"526\" style=\"margin-top: 0px; max-width: none !important; aspect-ratio: auto 1000 \/ 749;\" mt-d=\"0\" center-v-d=\"false\" loading=\"lazy\"><\/span><\/p>\n<p style=\"\">Am Flughafen Lissabon holen Uber-Fahrer und andere Fahrgemeinschaftsfahrer <strong>Passagiere au\u00dferhalb des Abflugbereichs<\/strong> am Flughafen ab, sie holen keine Passagiere dort ab, wo Taxis Schlange stehen.&nbsp;<\/p>\n<p style=\"\">Weitere Informationen zur Fortbewegung in der Stadt finden Sie in unserem Artikel <strong><a href=\"https:\/\/lisbontouristinformation.com\/de\/arrival\/lissabon-oeffentliche-verkehrsmittel\/\" style=\"outline: none;\">\u00d6ffentliche Verkehrsmittel in Lissabon<\/a><\/strong>.<\/p>\n<h2 style=\"\" id=\"t-1638963514129\">Verwandte Beitr\u00e4ge<\/h2>\n<p><a href=\"https:\/\/lisbontouristinformation.com\/de\/anreise\/bahnhofe-lissabon\/\" dynamic-postlink=\"tcb_post_the_permalink\" data-shortcode-id=\"556\"><\/a><\/p>\n<h3 style=\"text-align: center; padding-top: 0px !important; margin-top: 0px !important;\"><span data-attr-link=\"1\" data-attr-rel=\"0\" data-attr-target=\"0\" data-extra_key=\"\" data-option-inline=\"1\" data-shortcode=\"tcb_post_title\" data-shortcode-name=\"Post title\" data-attr-css=\"\" data-attr-static-link=\"{&quot;className&quot;:&quot;&quot;,&quot;href&quot;:&quot;https:\/\/lisbontouristinformation.com\/de\/anreise\/bahnhofe-lissabon\/&quot;,&quot;title&quot;:&quot;Bahnh\u00f6fe in Lissabon: Guide mit Infos &amp; Tipps&quot;,&quot;class&quot;:&quot;&quot;}\" style=\"\"><a href=\"https:\/\/lisbontouristinformation.com\/de\/anreise\/bahnhofe-lissabon\/\" title=\"Bahnh\u00f6fe in Lissabon: Guide mit Infos &amp; Tipps\" data-css=\"\">Bahnh\u00f6fe in Lissabon: Guide mit Infos &amp; Tipps<\/a><\/span><\/h3>\n<p><a href=\"https:\/\/lisbontouristinformation.com\/de\/anreise\/bahnhofe-lissabon\/\" style=\"\"><span style=\"\"><span style=\"\">Weiterlesen<\/span><\/span><\/a><a href=\"https:\/\/lisbontouristinformation.com\/de\/anreise\/lissabon-oeffentliche-verkehrsmittel\/\" dynamic-postlink=\"tcb_post_the_permalink\" data-shortcode-id=\"556\"><\/a><\/p>\n<h3 style=\"text-align: center; padding-top: 0px !important; margin-top: 0px !important;\"><span data-attr-link=\"1\" data-attr-rel=\"0\" data-attr-target=\"0\" data-extra_key=\"\" data-option-inline=\"1\" data-shortcode=\"tcb_post_title\" data-shortcode-name=\"Post title\" data-attr-css=\"\" data-attr-static-link=\"{&quot;className&quot;:&quot;&quot;,&quot;href&quot;:&quot;https:\/\/lisbontouristinformation.com\/de\/anreise\/bahnhofe-lissabon\/&quot;,&quot;title&quot;:&quot;Bahnh\u00f6fe in Lissabon: Guide mit Infos &amp; Tipps&quot;,&quot;class&quot;:&quot;&quot;}\" style=\"\"><a href=\"https:\/\/lisbontouristinformation.com\/de\/anreise\/lissabon-oeffentliche-verkehrsmittel\/\" title=\"Guide f\u00fcr \u00f6ffentliche Verkehrsmittel in Lissabon: Apps, Tickets, Karten\u2026\" data-css=\"\">Guide f\u00fcr \u00f6ffentliche Verkehrsmittel in Lissabon: Apps, Tickets, Karten\u2026<\/a><\/span><\/h3>\n<p><a href=\"https:\/\/lisbontouristinformation.com\/de\/anreise\/lissabon-oeffentliche-verkehrsmittel\/\" style=\"\"><span style=\"\"><span style=\"\">Weiterlesen<\/span><\/span><\/a><\/p>\n","protected":false},"excerpt":{"rendered":"<p>Bei einem Besuch in Lissabon stehen verschiedene \u00f6ffentliche Verkehrsmittel sowie Taxis und Mitfahrgelegenheiten zur Verf\u00fcgung. In diesem Artikel haben wir Informationen zu beiden Optionen in Bezug auf Preise und Funktionsweise gesammelt. 1. Lokale Taxis in Lissabon: Wie funktionieren sie? Taxis sind eine einfache Art, sich in&nbsp;Lissabon fortzubewegen, da die Fahrpreise etwas g\u00fcnstiger sind als in [&hellip;]<\/p>\n","protected":false},"author":18,"featured_media":6223,"parent":2815,"menu_order":0,"comment_status":"open","ping_status":"closed","template":"","meta":{"footnotes":""},"tags":[73],"class_list":["post-207","page","type-page","status-publish","has-post-thumbnail","hentry","tag-transportation","post-wrapper","thrv_wrapper"],"_links":{"self":[{"href":"https:\/\/lisbontouristinformation.com\/de\/wp-json\/wp\/v2\/pages\/207","targetHints":{"allow":["GET"]}}],"collection":[{"href":"https:\/\/lisbontouristinformation.com\/de\/wp-json\/wp\/v2\/pages"}],"about":[{"href":"https:\/\/lisbontouristinformation.com\/de\/wp-json\/wp\/v2\/types\/page"}],"author":[{"embeddable":true,"href":"https:\/\/lisbontouristinformation.com\/de\/wp-json\/wp\/v2\/users\/18"}],"replies":[{"embeddable":true,"href":"https:\/\/lisbontouristinformation.com\/de\/wp-json\/wp\/v2\/comments?post=207"}],"version-history":[{"count":0,"href":"https:\/\/lisbontouristinformation.com\/de\/wp-json\/wp\/v2\/pages\/207\/revisions"}],"up":[{"embeddable":true,"href":"https:\/\/lisbontouristinformation.com\/de\/wp-json\/wp\/v2\/pages\/2815"}],"wp:featuredmedia":[{"embeddable":true,"href":"https:\/\/lisbontouristinformation.com\/de\/wp-json\/wp\/v2\/media\/6223"}],"wp:attachment":[{"href":"https:\/\/lisbontouristinformation.com\/de\/wp-json\/wp\/v2\/media?parent=207"}],"wp:term":[{"taxonomy":"post_tag","embeddable":true,"href":"https:\/\/lisbontouristinformation.com\/de\/wp-json\/wp\/v2\/tags?post=207"}],"curies":[{"name":"wp","href":"https:\/\/api.w.org\/{rel}","templated":true}]}}