{"id":199,"date":"2022-06-05T14:25:44","date_gmt":"2022-06-05T13:25:44","guid":{"rendered":"http:\/\/berlincitytrips.com\/?page_id=199"},"modified":"2023-08-03T08:58:14","modified_gmt":"2023-08-03T07:58:14","slug":"einkaufszentren-lissabon","status":"publish","type":"page","link":"https:\/\/lisbontouristinformation.com\/de\/lifestyle\/shopping-lissabon\/einkaufszentren-lissabon\/","title":{"rendered":"10 besten Einkaufszentren in Lissabon [mit Karte]"},"content":{"rendered":"<h2 id=\"t-1654870402296\" data-hide=\"true\" style=\"\">Lissabon ist eines der g\u00fcnstigsten Einkaufsziele in Europa und damit ein wahres Einkaufsparadies.<\/h2>\n<p style=\"\">Neben den <a href=\"https:\/\/lisbontouristinformation.com\/de\/lifestyle\/shopping-lissabon\/einkaufsstrassen-lissabon\/\">Einkaufsstra\u00dfen<\/a> verf\u00fcgt die Stadt \u00fcber eine Reihe hervorragender Einkaufszentren, die unter einem Dach alles bieten, was das Shopping-Herz begehrt.&nbsp;<\/p>\n<p style=\"\">Nachfolgend haben wir unsere Top-10-Liste der Einkaufszentren in Lissabon zusammengestellt.<\/p>\n<p style=\"\">Viel Spa\u00df beim Shoppen!<\/p>\n<h2 id=\"t-1654870402297\" style=\"\">1. Einkaufszentrum Centro Colombo<\/h2>\n<p><span><img decoding=\"async\" alt=\"Einkaufszentrum Centro Colombo in Lissabon\" data-id=\"6875\" width=\"702\" data-init-width=\"1000\" height=\"467\" data-init-height=\"665\" title=\"Einkaufszentrum Centro Colombo in Lissabon\" src=\"https:\/\/lisbontouristinformation.com\/de\/wp-content\/uploads\/2022\/06\/Centro-Colombo-Shopping-Centre-in-Lisbon.jpg\" data-width=\"702\" data-height=\"467\" loading=\"lazy\" style=\"aspect-ratio: auto 1000 \/ 665;\"><\/span><\/p>\n<p>Das Centro Colombo im Stadtteil Benfica ist nicht nur das <strong>gr\u00f6\u00dfte Einkaufszentrum in Lissabon<\/strong>, sondern auch eines der gr\u00f6\u00dften in Portugal.&nbsp;In mehr als <strong>340 Gesch\u00e4ften und 60 Restaurants<\/strong> finden Sie garantiert alles, was Sie suchen. W\u00e4hrend Kinder den Disney Store lieben, zieht es Teenager zu Primark.<\/p>\n<p>Das riesige Einkaufszentrum mit einer Gesamtfl\u00e4che von 120.000 m\u00b2 umfasst auch ein Multiplex-Kino mit IMAX, eine Kegelbahn, einen Spielplatz und einen Dachgarten. Einfacher Zugang ist durch die blaue U-Bahn-Linie gew\u00e4hrleistet, die direkt vor dem Centro Colombo h\u00e4lt (Haltestelle Col\u00e9gio Militar\/Luz).<\/p>\n<ul>\n<li><b>Adresse<\/b><strong>:<\/strong> Av.&nbsp;Lusiada, 1500-392 Lissabon, Portugal<\/li>\n<li><b>\u00d6ffnungszeiten<\/b><strong>: <\/strong>T\u00e4glich von 08:00 bis 24:00 Uhr<\/li>\n<li><b>Website: <\/b><a href=\"https:\/\/www.colombo.pt\/en\/\" style=\"outline: none;\" target=\"_blank\" rel=\"nofollow noopener\">Einkaufszentrum Colombo<\/a><\/li>\n<\/ul>\n<h2 id=\"t-1654870402298\" style=\"\">2. Zentrum Vasco da Gama<\/h2>\n<p><span><img decoding=\"async\" alt=\"Centro Vasco da Gama in Lissabon\" data-id=\"6876\" width=\"702\" data-init-width=\"1000\" height=\"395\" data-init-height=\"563\" title=\"Centro Vasco da Gama in Lissabon\" src=\"https:\/\/lisbontouristinformation.com\/de\/wp-content\/uploads\/2022\/06\/Centro-Vasco-da-Gama-in-Lisbon.jpg\" data-width=\"702\" data-height=\"395\" style=\"aspect-ratio: auto 1000 \/ 563;\" loading=\"lazy\"><\/span><\/p>\n<p>Das Centro Vasco da Gama liegt im <a href=\"https:\/\/lisbontouristinformation.com\/de\/planen\/stadtteile-von-lissabon\/\" style=\"outline: none;\">Viertel Parque das Na\u00e7\u00f5es<\/a> neben dem Bahnhof Oriente und ist eines der beliebtesten Einkaufszentren in Lissabon. Es bietet eine gro\u00dfe Auswahl f\u00fcr den K\u00e4ufer, die von Kleidung, Technologie, Schmuck, B\u00fcchern und mehr reicht. Hier finden Sie lokale und internationale Marken, Restaurants, einen riesigen Supermarkt, ein Sportzentrum und ein Multiplex-Kino. Diese <strong>Mischung aus Einkaufs- und Freizeitaktivit\u00e4ten<\/strong> sorgt f\u00fcr ein tolles Einkaufserlebnis f\u00fcr die Kunden.<\/p>\n<p style=\"\">Das moderne Geb\u00e4ude mit gew\u00f6lbtem Glasdach, urspr\u00fcnglich f\u00fcr die Weltausstellung 1998 gebaut, zeichnet sich durch sein maritimes Design aus. Besonders beeindruckend ist es nachts, wenn die Fassade stimmungsvoll illuminiert wird. Ein weiteres Highlight ist die Terrasse mit Blick auf den Tejo. Wenn Sie <a href=\"https:\/\/lisbontouristinformation.com\/de\/sehenswurdigkeiten\/lissabon-mit-kindern\/\" style=\"outline: none;\">mit Kindern in Lissabon unterwegs<\/a>&nbsp;sind, k\u00f6nnen Sie Ihren Einkaufsbummel mit einem Ausflug ins nahegelegene Ocean\u00e1rio de Lisboa verbinden.<\/p>\n<ul>\n<li><b>Adresse<\/b><strong>:<\/strong> Av.&nbsp;Dom Jo\u00e3o II 40, 1990-094 Lissabon, Portugal<\/li>\n<li><b>\u00d6ffnungszeiten<\/b><strong>: <\/strong>T\u00e4glich von 08:00 bis 24:00 Uhr<\/li>\n<li><b>Website: <a href=\"https:\/\/www.centrovascodagama.pt\/en\/\" style=\"outline: none;\" data-lt-tmp-id=\"lt-7165\" spellcheck=\"false\" target=\"_blank\" rel=\"noopener\">Einkaufszentrum Centro Vasco Da Gama<\/a><\/b><\/li>\n<\/ul>\n<h2 id=\"t-1654870402299\" style=\"\">3. El Corte Ingl\u00e9s<\/h2>\n<p><span><img decoding=\"async\" alt=\"El Corte Ingl\u00e9s in Lissabon\" data-id=\"6877\" width=\"702\" data-init-width=\"1000\" height=\"468\" data-init-height=\"667\" title=\"El Corte Ingl\u00e9s in Lissabon\" src=\"https:\/\/lisbontouristinformation.com\/de\/wp-content\/uploads\/2022\/06\/El-Corte-Ingles-in-Lisbon.jpg\" data-width=\"702\" data-height=\"468\" style=\"aspect-ratio: auto 1000 \/ 667;\" loading=\"lazy\"><\/span><\/p>\n<p>Mit seiner erstklassigen Lage neben dem Parque Eduardo VII in der N\u00e4he der Avenida da Liberdade bietet El Corte Ingl\u00e9s Verbrauchern einen sehr <strong>bequemen Ort zum Einkaufen<\/strong>.&nbsp;Dieses gehobene Einkaufszentrum ist bekannt f\u00fcr seine Auswahl an Designerwaren und Luxusartikeln mit exklusiven Marken wie Dior, Burberry, Hugo Boss, Escada und vielen mehr. Von Accessoires und Kleidung bis hin zu Wohnkultur und Kosmetik erf\u00fcllt das Einkaufszentrum all Ihre Bed\u00fcrfnisse.<\/p>\n<p>Besuchen Sie auf jeden Fall die 7. Etage, wo Sie eine Aussicht auf die D\u00e4cher und der <strong>&#8222;<\/strong><strong>Club del Gourmet&#8220;<\/strong> erwartet, der sich der Gourmetk\u00fcche verschrieben hat und erlesene Weine, hausgemachte K\u00f6stlichkeiten und Show-Cooking bietet. Die blaue Metrolinie h\u00e4lt direkt am Einkaufszentrum (Haltestelle S\u00e3o Sebasti\u00e3o).<\/p>\n<p>\u2192 Das Einkaufszentrum teilt sich die Nachbarschaft mit vielen <a href=\"https:\/\/lisbontouristinformation.com\/de\/hotels-lissabon\/5-sterne\/\" style=\"outline: none;\">Top-Hotels und Unterk\u00fcnften<\/a> in Lissabon. Sehen Sie sich unsere verwandten Artikel an, wenn Sie Ihre Buchung in der portugiesischen Hauptstadt planen.&nbsp;<\/p>\n<ul>\n<li><b>Adresse<\/b><strong>:<\/strong> Av.&nbsp;Ant\u00f3nio Augusto de Aguiar 31, 1069-413 Lissabon, Portugal<\/li>\n<li><b>\u00d6ffnungszeiten<\/b><strong>: <\/strong>Mo-Do&nbsp;von 10:00 bis 22:00; Fr&amp;Sa&nbsp;von 10:00 bis 23:30 Uhr; an&nbsp;Sonn-&nbsp;und &nbsp;Feiertagen von 10:00 bis 20:00 Uhr<\/li>\n<li><b>Website: <\/b><b><a href=\"https:\/\/www.elcorteingles.pt\/info\/hours-and-locations\/\" style=\"outline: none;\" data-lt-tmp-id=\"lt-758381\" spellcheck=\"false\" target=\"_blank\" rel=\"noopener\">Einkaufszentrum El Corte Ingles<\/a><\/b><\/li>\n<\/ul>\n<h2 id=\"t-1654870402300\" style=\"\">4. Einkaufszentrum Amoreiras<\/h2>\n<p><span><img decoding=\"async\" alt=\"Einkaufszentrum Amoreiras in Lissabon\" data-id=\"6878\" width=\"702\" data-init-width=\"1000\" height=\"468\" data-init-height=\"667\" title=\"Einkaufszentrum Amoreiras in Lissabon\" src=\"https:\/\/lisbontouristinformation.com\/de\/wp-content\/uploads\/2022\/06\/Amoreiras-Shopping-Center-in-Lisbon.jpg\" data-width=\"702\" data-height=\"468\" loading=\"lazy\" style=\"aspect-ratio: auto 1000 \/ 667;\"><\/span><\/p>\n<p>Amoreiras ist das <strong>erste in Portugal gebaute Einkaufszentrum, das seit Mitte der 1980er Jahre Kunden bedient. <\/strong>Das zeigt sich nicht nur in der Architektur, sondern auch im 80er-Vibe im Inneren. Es gibt mehr als 200 Gesch\u00e4fte im Inneren, darunter Buchhandlungen, Sch\u00f6nheitszentren, Kleidung, Musik und Elektronik. Sie finden sowohl nationale als auch internationale Marken. Zu den Freizeiteinrichtungen geh\u00f6ren 7 Kinos, ein 150 Quadratmeter gro\u00dfer Kinderspielplatz und ein Food Court mit 50 Restaurants und Caf\u00e9s.<\/p>\n<p>Gegen eine kleine Geb\u00fchr k\u00f6nnen Sie den <a href=\"https:\/\/www.amoreiras360view.com\/\" style=\"outline: none;\" target=\"_blank\" rel=\"noopener\">Aussichtspunkt Amoreiras<\/a>&nbsp;besuchen, der mit einem fantastischen 360-Grad-Panoramablick \u00fcber Lissabon beeindruckt.&nbsp;Das Amoreiras befindet sich in der Innenstadt von Lissabon, einen 20-min\u00fctigen Spaziergang vom Parque Eduardo VII entfernt. Mehrere Buslinien halten in der N\u00e4he des Einkaufszentrums.<\/p>\n<ul>\n<li><b>Adresse<\/b><strong>:<\/strong> Av.&nbsp;Eng. Duarte Pacheco, 1070-103 Lissabon, Portugal<\/li>\n<li><b>\u00d6ffnungszeiten<\/b><strong>:<\/strong> T\u00e4glich von 10:00 bis 24:00 Uhr<\/li>\n<li><b>Website: <a href=\"https:\/\/amoreiras.com\/en\/\" style=\"outline: none;\" target=\"_blank\" rel=\"noopener\">Einkaufszentrum Amoreiras<\/a><\/b><\/li>\n<\/ul>\n<h2 id=\"t-1654870402301\" style=\"\">5. Armaz\u00e9ns do Chiado<\/h2>\n<p><span><img decoding=\"async\" alt=\"Armaz\u00e9ns do Chiado in Lissabon\" data-id=\"6879\" width=\"702\" data-init-width=\"1000\" height=\"468\" data-init-height=\"667\" title=\"Armaz\u00e9ns do Chiado in Lissabon\" src=\"https:\/\/lisbontouristinformation.com\/de\/wp-content\/uploads\/2022\/06\/Armazens-do-Chiado-in-Lisbon.jpg\" data-width=\"702\" data-height=\"468\" style=\"aspect-ratio: auto 1000 \/ 667;\" loading=\"lazy\"><\/span><\/p>\n<p>Wenn die riesigen Einkaufszentren nichts f\u00fcr Sie sind, dann besuchen Sie das schicke Armaz\u00e9ns do Chiado in der pulsierenden Einkaufsstra\u00dfe Rua do Carmo. Eingebettet im Herzen des gehobenen Chiado-Viertels verbindet es <strong>Shopping mit Geschichte und Kultur<\/strong>.&nbsp;Das urspr\u00fcnglich 1848 erbaute Geb\u00e4ude wurde bei einem Brand zerst\u00f6rt. Nach dem Wiederaufbauprojekt von 1999, um den Glanz fr\u00fcherer Epochen wiederherzustellen, \u00f6ffnete Armaz\u00e9ns do Chiado seine T\u00fcren.<\/p>\n<p>Das Boutique-Einkaufszentrum bietet \u00fcber 50 Gesch\u00e4fte, einen eleganten Food Court mit 15 Restaurants und ein 4-Sterne-Hotel. Sie k\u00f6nnen sogar Konzert- und Theaterkarten an einem Schalter in der N\u00e4he des Eingangs kaufen.<\/p>\n<p>\u2192 Erkunden Sie das Chiado-Viertel eingehender mit einer <a href=\"https:\/\/web.yourmobileguide.com\/tabs\/tour-page\/473\" target=\"_blank\" style=\"outline: none;\" rel=\"noopener\">selbstgef\u00fchrten Audiotour zu den zentralen Highlights von Lissabon<\/a>, die von YourMobileGuide angeboten wird.&nbsp;<\/p>\n<ul>\n<li><b>Adresse<\/b><strong>:<\/strong> Rua do Carmo, Nr. 2, 1200-094 Lisboa, Portugal<\/li>\n<li><b>\u00d6ffnungszeiten<\/b><strong>:<\/strong> T\u00e4glich von 10:00 bis 23:00 Uhr<\/li>\n<li><b>Website: <a href=\"https:\/\/armazensdochiado.com\/en\/\" style=\"outline: none;\" data-lt-tmp-id=\"lt-401566\" spellcheck=\"false\" target=\"_blank\" rel=\"nofollow noopener\">Einkaufszentrum Armazens Do Chiado<\/a><\/b><\/li>\n<\/ul>\n<h2 id=\"t-1654870402302\" style=\"\">6. Embaixada<\/h2>\n<p><span><img decoding=\"async\" alt=\"EmbaiXada Lissabon\" data-id=\"6881\" width=\"702\" data-init-width=\"1000\" height=\"468\" data-init-height=\"667\" title=\"EmbaiXada Lissabon\" src=\"https:\/\/lisbontouristinformation.com\/de\/wp-content\/uploads\/2022\/06\/EmbaiXada-Lisbon-1.jpg\" data-width=\"702\" data-height=\"468\" style=\"aspect-ratio: auto 1000 \/ 667;\" loading=\"lazy\"><\/span><\/p>\n<p>Embaixada ist ideal f\u00fcr diejenigen, die keine gro\u00dfen Einkaufszentren m\u00f6gen. Dieses ganz besondere Einkaufszentrum in Lissabon befindet sich im <strong>Ribeiro da Cunha Palace aus dem 20. Jahrhundert. <\/strong>Nachdem Sie den emblematischen neoarabischen Palast bewundert haben, betreten Sie die angesagte Einkaufsgalerie und st\u00f6bern Sie im Concept Store.<\/p>\n<p>Das zweist\u00f6ckige Geb\u00e4ude bietet eine gro\u00dfe Auswahl an portugiesischen Marken und ist auch ein <strong>innovativer Veranstaltungsort f\u00fcr Kunstausstellungen<\/strong>.&nbsp;Das Einkaufszentrum befindet sich im angesagten Viertel Pr\u00edncipe Real und ist bei jungen Leuten sehr beliebt.<\/p>\n<p>Wenn Sie mit dem Einkaufen fertig sind, schauen Sie in einem der <a href=\"https:\/\/lisbontouristinformation.com\/de\/lifestyle\/restaurants-in-lissabon\/cocktailbars-lissabon\/\" style=\"outline: none;\">besten Cocktaillokale oder Weinbars in Lissabon vorbei<\/a>, viele von ihnen sind nur einen kurzen Spaziergang vom Einkaufszentrum entfernt.&nbsp;<\/p>\n<ul>\n<li><b>Adresse<\/b><strong>:<\/strong> Pra\u00e7a do Pr\u00edncipe Real 26, 1250-184 Lisboa, Portugal<\/li>\n<li><b>\u00d6ffnungszeiten<\/b><strong>: <\/strong>Mo\u2013Sa&nbsp;von 12:00 bis 20:00; So&nbsp;12:00 &#8211; 19:00<\/li>\n<li><b>Website: <a href=\"https:\/\/embaixadalx.pt\/en\/\" style=\"outline: none;\" data-lt-tmp-id=\"lt-227709\" spellcheck=\"false\" target=\"_blank\" rel=\"nofollow noopener\">Embaixada Shopping<\/a><\/b><b><a data-lt-tmp-id=\"lt-227709\" href=\"https:\/\/embaixadalx.pt\/en\/\" spellcheck=\"false\" style=\"outline: none;\" target=\"_blank\" rel=\"noopener\">&nbsp;<\/a><\/b><\/li>\n<\/ul>\n<p><span><img decoding=\"async\" alt=\"Campo Pequeno in Lissabon\" data-id=\"6883\" width=\"702\" data-init-width=\"1000\" height=\"468\" data-init-height=\"667\" title=\"Campo Pequeno in Lissabon\" src=\"https:\/\/lisbontouristinformation.com\/de\/wp-content\/uploads\/2022\/06\/Campo-Pequeno-in-Lisbon-1.jpg\" data-width=\"702\" data-height=\"468\" style=\"aspect-ratio: auto 1000 \/ 667;\" loading=\"lazy\"><\/span><\/p>\n<h2 id=\"t-1654870402303\" style=\"\">7. Campo Pequeno<\/h2>\n<p>Dieses besondere Einkaufszentrum verbindet Einkaufen mit Geschichte. Campo Pequeno wurde 1892 er\u00f6ffnet und <strong>war die <\/strong><strong>Stierkampfarena von Lissabon<\/strong>.&nbsp;Nach einer Renovierung wurde die Arena 2006 als Multi-Event-Location wiederer\u00f6ffnet. Seitdem beherbergt das markante Geb\u00e4ude im maurischen Stil im Untergeschoss ein Einkaufszentrum und einen Food Court.<\/p>\n<p>Sie k\u00f6nnen in den zahlreichen Gesch\u00e4ften und Boutiquen st\u00f6bern und anschlie\u00dfend das Museum vor Ort besuchen, das sich mit der Geschichte der Stierkampfarena Campo Pequeno und dem portugiesischen Stierkampf befasst.<\/p>\n<ul>\n<li><b>Adresse<\/b><strong>:<\/strong> Campo Pequeno, 1050-197 Lisboa, Portugal<\/li>\n<li><b>\u00d6ffnungszeiten<\/b><strong>:<\/strong> Bitte \u00fcberpr\u00fcfen Sie die \u00d6ffnungszeiten auf&nbsp;<a href=\"http:\/\/www.campopequeno.com\/centrocomercial\/destaques\/destaque\/horarios-centro-comercial\" style=\"outline: none;\" data-lt-tmp-id=\"lt-959542\" spellcheck=\"false\" target=\"_blank\" rel=\"noopener\">der offiziellen Website.<\/a><\/li>\n<li><b>Website: <\/b><a href=\"https:\/\/www.campopequeno.com\/centrocomercial\/\" target=\"_blank\" style=\"outline: none;\" rel=\"noopener\">Einkaufszentrum Campo Pequeno<\/a><\/li>\n<\/ul>\n<h2 id=\"t-1654870402304\" style=\"\">8. Atrium Saldanha<\/h2>\n<p>Dieses 2008 er\u00f6ffnete Einkaufszentrum befindet sich im Gesch\u00e4ftsviertel von Lissabon. W\u00e4hrend das Atrium Saldanha die ersten drei Stockwerke des gleichnamigen 12-st\u00f6ckigen Geb\u00e4udes umfasst, werden die anderen Stockwerke als B\u00fcrofl\u00e4chen genutzt.<\/p>\n<p>Im Inneren befinden sich mehr als <strong>60 Gesch\u00e4fte mit internationalen Top-Marken<\/strong>, Kosmetika und Parfums.&nbsp;Es ist ruhiger als andere Einkaufszentren. Einheimische sch\u00e4tzen die Food Hall mit einer vielf\u00e4ltigen Auswahl an Restaurants und Caf\u00e9s. Nachmittags spielt Live-Klaviermusik.<\/p>\n<ul>\n<li><b>Adresse<\/b><strong>:<\/strong> Pra\u00e7a Duque de Saldanha 1, 1050-094 Lisboa, Portugal<\/li>\n<li><b>\u00d6ffnungszeiten<\/b><strong>:<\/strong> T\u00e4glich von 10:00 bis 23:00 Uhr<\/li>\n<li><b>Website: <a href=\"https:\/\/www.atriumsaldanha.pt\/en\/\" style=\"outline: none;\" data-lt-tmp-id=\"lt-107117\" spellcheck=\"false\" target=\"_blank\" rel=\"nofollow noopener\">Atrium Saldanha Mall<\/a><\/b><\/li>\n<\/ul>\n<h2 id=\"t-1654870402305\" style=\"\">9. Almada-Forum<\/h2>\n<p><span><img decoding=\"async\" alt=\"Almada-Forum in Lissabon Portugal\" data-id=\"6884\" width=\"702\" data-init-width=\"1000\" height=\"468\" data-init-height=\"667\" title=\"Almada-Forum in Lissabon Portugal\" src=\"https:\/\/lisbontouristinformation.com\/de\/wp-content\/uploads\/2022\/06\/Almada-Forum-in-Lisbon-Portugal.jpg\" data-width=\"702\" data-height=\"468\" loading=\"lazy\" style=\"aspect-ratio: auto 1000 \/ 667;\"><\/span><\/p>\n<p>Wenn Sie die ikonische Statue Cristo Rei oder die Str\u00e4nde von Almada besuchen, dann besuchen Sie das Almada Forum. Mit fast 79.000 m2 ist es das <strong>gr\u00f6\u00dfte Einkaufszentrum am S\u00fcdufer von Lissabon.<\/strong><\/p>\n<p>Mit mehr als <strong>230 Gesch\u00e4ften<\/strong>, darunter 12 Ankerl\u00e4den, die sich \u00fcber 3 Etagen erstrecken, finden Sie hier alles, was Sie brauchen.&nbsp;Internationale Labels sind ebenso zu finden wie bekannte regionale Marken. Gehen Sie in die oberste Etage zum Food Court mit mehr als 30 Restaurants und bewundern Sie die fantastische Aussicht auf die Cristo-Rei-Statue, die Br\u00fccke des 25. April und den Tejo.<\/p>\n<ul>\n<li><b>Adresse<\/b><strong>:<\/strong> R. S\u00e9rgio Malpique, 2810-354 Almada, Portugal<\/li>\n<li><b>\u00d6ffnungszeiten<\/b><strong>:<\/strong> T\u00e4glich von 10:00 bis 24:00 Uhr<\/li>\n<li><b>Website: <a href=\"https:\/\/www.almadaforum.com\/EN\" target=\"_blank\" style=\"outline: none;\" rel=\"noopener\">Almada-Forum<\/a><\/b><\/li>\n<\/ul>\n<h2 id=\"t-1654870402306\">10. Tivoli-Forum<\/h2>\n<p>Wer Luxus-Shopping sucht, sollte das Tivoli Forum besuchen. Diese kleine und moderne Einkaufsboutique liegt im Herzen der von B\u00e4umen ges\u00e4umten Einkaufsstra\u00dfe Avenida da Liberdade.<\/p>\n<p>Es besteht aus 15 Luxusgesch\u00e4ften internationaler High-Fashion-Marken, einer Restaurantetage, einem Theater und einem <a href=\"https:\/\/lisbontouristinformation.com\/de\/hotels-lissabon\/4-sterne\/\" style=\"outline: none;\">4-Sterne-Hotel<\/a>.<\/p>\n<ul>\n<li><b>Adresse<\/b><strong>:<\/strong> Av.&nbsp;da Liberdade 180, 1250-146 Lissabon, Portugal<\/li>\n<li><b>\u00d6ffnungszeiten<\/b><strong>:<\/strong> T\u00e4glich von 10:00 bis 21:00 Uhr<\/li>\n<\/ul>\n<p>Jetzt, da Sie die besten Einkaufszentren in Lissabon kennen, k\u00f6nnen Sie entscheiden, welches das beste f\u00fcr Sie ist. Wenn Sie weitere Ideen zum Einkaufen w\u00fcnschen, werfen Sie einen Blick auf unsere Liste der besten <a href=\"https:\/\/lisbontouristinformation.com\/de\/lifestyle\/shopping-lissabon\/einkaufsstrassen-lissabon\/\" style=\"outline: none;\">Einkaufsstra\u00dfen in Lissabon<\/a>.<\/p>\n<p style=\"text-align: center;\"><a href=\"https:\/\/www.google.com\/maps\/d\/u\/1\/viewer?mid=1AQ600nIgK-ZjA5mE8f7XzcqMt70gEQY&amp;ll=38.71429423141929%2C-9.142610950000009&amp;z=13\" target=\"_blank\" style=\"outline: none;\" rel=\"noopener\">(Link zur Karte)<\/a><\/p>\n<h2 style=\"\" id=\"t-1654870402307\" data-hide=\"true\">Verwandte Beitr\u00e4ge<\/h2>\n<p><a href=\"https:\/\/lisbontouristinformation.com\/de\/lifestyle\/shopping-lissabon\/\" dynamic-postlink=\"tcb_post_the_permalink\" data-shortcode-id=\"597\"><\/a><\/p>\n<h3 style=\"text-align: center; padding-top: 0px !important; margin-top: 0px !important;\" id=\"t-1639141447150\" data-hide=\"true\"><span data-attr-link=\"1\" data-attr-rel=\"0\" data-attr-target=\"0\" data-extra_key=\"\" data-option-inline=\"1\" data-shortcode=\"tcb_post_title\" data-shortcode-name=\"Post title\" data-attr-css=\"\" data-attr-static-link=\"{&quot;className&quot;:&quot;&quot;,&quot;href&quot;:&quot;https:\/\/lisbontouristinformation.com\/de\/lifestyle\/shopping-lissabon\/&quot;,&quot;title&quot;:&quot;Guide f\u00fcr Shopping in Lissabon: Was und wo kaufen?&quot;,&quot;class&quot;:&quot;&quot;}\" style=\"\"><a href=\"https:\/\/lisbontouristinformation.com\/de\/lifestyle\/shopping-lissabon\/\" title=\"Guide f\u00fcr Shopping in Lissabon: Was und wo kaufen?\" data-css=\"\">Guide f\u00fcr Shopping in Lissabon: Was und wo kaufen?<\/a><\/span><\/h3>\n<p><a href=\"https:\/\/lisbontouristinformation.com\/de\/lifestyle\/shopping-lissabon\/\" style=\"\"><span style=\"\"><span style=\"\">Weiterlesen<\/span><\/span><\/a><a href=\"https:\/\/lisbontouristinformation.com\/de\/lifestyle\/shopping-lissabon\/einkaufsstrassen-lissabon\/\" dynamic-postlink=\"tcb_post_the_permalink\" data-shortcode-id=\"597\"><\/a><\/p>\n<h3 style=\"text-align: center; padding-top: 0px !important; margin-top: 0px !important;\" id=\"t-1639141447150\" data-hide=\"true\"><span data-attr-link=\"1\" data-attr-rel=\"0\" data-attr-target=\"0\" data-extra_key=\"\" data-option-inline=\"1\" data-shortcode=\"tcb_post_title\" data-shortcode-name=\"Post title\" data-attr-css=\"\" data-attr-static-link=\"{&quot;className&quot;:&quot;&quot;,&quot;href&quot;:&quot;https:\/\/lisbontouristinformation.com\/de\/lifestyle\/shopping-lissabon\/&quot;,&quot;title&quot;:&quot;Guide f\u00fcr Shopping in Lissabon: Was und wo kaufen?&quot;,&quot;class&quot;:&quot;&quot;}\" style=\"\"><a href=\"https:\/\/lisbontouristinformation.com\/de\/lifestyle\/shopping-lissabon\/einkaufsstrassen-lissabon\/\" title=\"6 besten Einkaufsstra\u00dfen in Lissabon\" data-css=\"\">6 besten Einkaufsstra\u00dfen in Lissabon<\/a><\/span><\/h3>\n<p><a href=\"https:\/\/lisbontouristinformation.com\/de\/lifestyle\/shopping-lissabon\/einkaufsstrassen-lissabon\/\" style=\"\"><span style=\"\"><span style=\"\">Weiterlesen<\/span><\/span><\/a><\/p>\n","protected":false},"excerpt":{"rendered":"<p>Lissabon ist eines der g\u00fcnstigsten Einkaufsziele in Europa und damit ein wahres Einkaufsparadies. Neben den Einkaufsstra\u00dfen verf\u00fcgt die Stadt \u00fcber eine Reihe hervorragender Einkaufszentren, die unter einem Dach alles bieten, was das Shopping-Herz begehrt.&nbsp; Nachfolgend haben wir unsere Top-10-Liste der Einkaufszentren in Lissabon zusammengestellt. Viel Spa\u00df beim Shoppen! 1. Einkaufszentrum Centro Colombo Das Centro Colombo [&hellip;]<\/p>\n","protected":false},"author":18,"featured_media":6231,"parent":597,"menu_order":0,"comment_status":"open","ping_status":"closed","template":"","meta":{"footnotes":""},"tags":[20],"class_list":["post-199","page","type-page","status-publish","has-post-thumbnail","hentry","tag-shopping","post-wrapper","thrv_wrapper"],"_links":{"self":[{"href":"https:\/\/lisbontouristinformation.com\/de\/wp-json\/wp\/v2\/pages\/199","targetHints":{"allow":["GET"]}}],"collection":[{"href":"https:\/\/lisbontouristinformation.com\/de\/wp-json\/wp\/v2\/pages"}],"about":[{"href":"https:\/\/lisbontouristinformation.com\/de\/wp-json\/wp\/v2\/types\/page"}],"author":[{"embeddable":true,"href":"https:\/\/lisbontouristinformation.com\/de\/wp-json\/wp\/v2\/users\/18"}],"replies":[{"embeddable":true,"href":"https:\/\/lisbontouristinformation.com\/de\/wp-json\/wp\/v2\/comments?post=199"}],"version-history":[{"count":0,"href":"https:\/\/lisbontouristinformation.com\/de\/wp-json\/wp\/v2\/pages\/199\/revisions"}],"up":[{"embeddable":true,"href":"https:\/\/lisbontouristinformation.com\/de\/wp-json\/wp\/v2\/pages\/597"}],"wp:featuredmedia":[{"embeddable":true,"href":"https:\/\/lisbontouristinformation.com\/de\/wp-json\/wp\/v2\/media\/6231"}],"wp:attachment":[{"href":"https:\/\/lisbontouristinformation.com\/de\/wp-json\/wp\/v2\/media?parent=199"}],"wp:term":[{"taxonomy":"post_tag","embeddable":true,"href":"https:\/\/lisbontouristinformation.com\/de\/wp-json\/wp\/v2\/tags?post=199"}],"curies":[{"name":"wp","href":"https:\/\/api.w.org\/{rel}","templated":true}]}}