{"id":192,"date":"2020-06-05T14:15:47","date_gmt":"2020-06-05T12:15:47","guid":{"rendered":"http:\/\/berlincitytrips.com\/?page_id=192"},"modified":"2023-09-28T08:39:41","modified_gmt":"2023-09-28T07:39:41","slug":"einkaufsstrassen-lissabon","status":"publish","type":"page","link":"https:\/\/lisbontouristinformation.com\/de\/lifestyle\/shopping-lissabon\/einkaufsstrassen-lissabon\/","title":{"rendered":"6 besten Einkaufsstra\u00dfen in Lissabon"},"content":{"rendered":"<h2 id=\"t-1654785322151\" data-hide=\"true\">Lissabons pulsierende Einkaufsstra\u00dfen locken mit einer bunten Mischung aus traditionellen Gesch\u00e4ften, Designerboutiquen, ausgefallenen kleinen L\u00e4den sowie Kunsthandwerks- und Gourmetl\u00e4den.<\/h2>\n<p style=\"\">Wir haben eine Liste der besten Einkaufsstra\u00dfen in Lissabon zusammengestellt, darunter einige unserer Lieblingsorte, um Ihnen die Suche nach Ihren neuen Lieblingsst\u00fccken zu erleichtern.&nbsp;<\/p>\n<p><span><img decoding=\"async\" alt=\"Rua Augusta in Lissabon in Portugal\" data-id=\"6867\" width=\"702\" data-init-width=\"1000\" height=\"468\" data-init-height=\"667\" title=\"Rua Augusta in Lissabon in Portugal\" src=\"https:\/\/lisbontouristinformation.com\/de\/wp-content\/uploads\/2022\/06\/Rua-Augusta-in-Lisbon-in-Portugal.jpg\" data-width=\"702\" data-height=\"468\" style=\"aspect-ratio: auto 1000 \/ 667;\" loading=\"lazy\"><\/span><\/p>\n<h2 id=\"t-1654785322152\" style=\"\">1. Rua Augusta<\/h2>\n<p style=\"\">Die Rua Augusta, gekennzeichnet durch einen monumentalen Bogen, ist Lissabons Haupteinkaufsstra\u00dfe. Die schwarz-wei\u00df gemusterte Steinstra\u00dfe liegt direkt im Herzen des historischen Zentrums und wird immer von Touristen frequentiert.<\/p>\n<p style=\"\">Die beliebte <strong>Einkaufsstra\u00dfe nur f\u00fcr Fu\u00dfg\u00e4nger<\/strong> bietet einige der beliebtesten Modemarken, darunter Zara, Mango, Bershka, Benetton und Stradivarius. Au\u00dferdem erwartet Sie hier das offizielle Gesch\u00e4ft des Fu\u00dfballvereins Benfica und einige Traditionsgesch\u00e4fte, wie das 1941 er\u00f6ffnete Hut- und Schuhgesch\u00e4ft <a href=\"https:\/\/godivalord.pt\/index.php\" target=\"_blank\" style=\"outline: none;\" rel=\"nofollow noopener\">Sapataria e Chapelaria Lord<\/a>.<\/p>\n<p>Wenn Sie eine Pause von der Hektik der Stra\u00dfe brauchen, holen Sie sich ein k\u00f6stliches Geb\u00e4ck in einer Pastelaria oder ein Gelato im ber\u00fchmten Amoriono.&nbsp;Oder ruhen Sie sich in einem der vielen <a href=\"https:\/\/lisbontouristinformation.com\/de\/lifestyle\/restaurants-in-lissabon\/beste-restaurants-in-lissabon\/\" style=\"outline: none;\">Top-Restaurants und Bars von Lissabon<\/a> aus, die die Stra\u00dfe s\u00e4umen.<\/p>\n<p><span><img decoding=\"async\" alt=\"Avenida da Liberdade in Lissabon in Portugal\" data-id=\"6868\" width=\"702\" data-init-width=\"1000\" height=\"465\" data-init-height=\"662\" title=\"Avenida da Liberdade in Lissabon in Portugal\" src=\"https:\/\/lisbontouristinformation.com\/de\/wp-content\/uploads\/2022\/06\/Avenida-da-Liberdade-in-Lisbon-in-Portugal-1.jpg\" data-width=\"702\" data-height=\"465\" style=\"aspect-ratio: auto 1000 \/ 662;\" loading=\"lazy\"><\/span><\/p>\n<h2 id=\"t-1654785322153\" style=\"\">2. Avenida da Liberdade<\/h2>\n<p style=\"\">Die Avenida da Liberdade im Stadtzentrum ist die Heimat des Luxus-Shoppings in Lissabon. Dieser elegante Boulevard, der an die Champs-Elys\u00e9es in Paris erinnert, erstreckt sich \u00fcber 2,5 Kilometer und ist voller Luxusmarken wie Gucci, Louis Vuitton, Dior, Versace und Prada. Neben einigen der teuersten Immobilien in Lissabon finden Sie auch lokale Schmuck- und Schuhgesch\u00e4fte sowie Modegesch\u00e4fte der Mittelklasse wie Guess und Mango.<\/p>\n<p>Im Schatten der Palmen k\u00f6nnen Sie \u00fcber die breiten Fu\u00dfg\u00e4ngerwege mit dem ber\u00fchmten Fliesenpflaster der Stadt schlendern und die elegante Atmosph\u00e4re des Boulevards genie\u00dfen.<\/p>\n<p>\u2192 Die Avenue ist die Heimat vieler der <a href=\"https:\/\/lisbontouristinformation.com\/de\/hotels-lissabon\/5-sterne\/\" style=\"outline: none;\">am besten bewerteten 5-Sterne-Hotels<\/a> und <a href=\"https:\/\/lisbontouristinformation.com\/de\/hotels-lissabon\/romantische-hotels-lissabon\/\" style=\"outline: none;\">romantischen Flitterwochenhotels<\/a>&nbsp;in Lissabon.&nbsp;<strong>Wenden Sie sich f\u00fcr eine Buchung und verf\u00fcgbare Rabatte an unser Team.<\/strong>&nbsp;<\/p>\n<p><span><img decoding=\"async\" alt=\"Rua Garrett in Lissabon in Portugal\" data-id=\"6869\" width=\"702\" data-init-width=\"1000\" height=\"468\" data-init-height=\"667\" title=\"Rua Garrett in Lissabon in Portugal\" src=\"https:\/\/lisbontouristinformation.com\/de\/wp-content\/uploads\/2022\/06\/Rua-Garrett-in-Lisbon-in-Portugal.jpg\" data-width=\"702\" data-height=\"468\" style=\"aspect-ratio: auto 1000 \/ 667;\" loading=\"lazy\"><\/span><\/p>\n<h2 id=\"t-1654785322154\" style=\"\">3. Rua Garrett<\/h2>\n<p style=\"\">Die nach der portugiesischen Schriftstellerin Almeida Garrett benannte Rua Garrett ist ein gro\u00dfartiger Ort f\u00fcr internationale Modemarken und traditionelle lokale Gesch\u00e4fte. Die noble Stra\u00dfe im Herzen des gehobenen <a href=\"https:\/\/lisbontouristinformation.com\/de\/hotels-lissabon\/lissabon-wo-uebernachten\/\" style=\"outline: none;\">Viertels Chiado<\/a> erstreckt sich 210 Meter bergauf bis zum Largo do Chiado. Auf dem Weg passieren Sie international bekannte Marken wie Zara, Nike und Swarovski, aber auch historische Gesch\u00e4fte wie Paris em Lisboa und Tous Jewelry.<\/p>\n<p>Werfen Sie einen Blick auf das alte Lissabon, wenn Sie die \u00e4lteste Buchhandlung der Welt besuchen, die 1732 gegr\u00fcndete&nbsp;<b><a href=\"https:\/\/www.bertrand.pt\/\" style=\"outline: none;\" target=\"_blank\" rel=\"nofollow noopener\">Livraria Bertrand<\/a><span style=\"font-weight: normal;\">.<\/span><\/b>&nbsp;G\u00f6nnen Sie sich eine Kaffeepause im ehemaligen K\u00fcnstlertreff&nbsp;Caf\u00e9 A Brasileira,&nbsp;das 1905 er\u00f6ffnet wurde.<\/p>\n<p><span><img decoding=\"async\" alt=\"Rua do Carmo in Lissabon in Portugal\" data-id=\"6870\" width=\"702\" data-init-width=\"1000\" height=\"468\" data-init-height=\"667\" title=\"Rua do Carmo in Lissabon in Portugal\" src=\"https:\/\/lisbontouristinformation.com\/de\/wp-content\/uploads\/2022\/06\/Rua-do-Carmo-in-Lisbon-in-Portugal.jpg\" data-width=\"702\" data-height=\"468\" style=\"aspect-ratio: auto 1000 \/ 667;\" loading=\"lazy\"><\/span><\/p>\n<h2 id=\"t-1654785322155\" style=\"\">4. Rua do Carmo<\/h2>\n<p style=\"\">Die Rua do Carmo ist eine charmante Seitenstra\u00dfe, die von der Rua Garrett abzweigt. Dank seiner handverlesenen Auswahl an kleinen familiengef\u00fchrten Boutiquen ist es der ideale Ort, um hochwertige St\u00fccke und einzigartige Souvenirs zu finden, die Sie an Ihre Reise nach Lissabon erinnern.<\/p>\n<p>Schauen Sie bei <b>Luvaria Ulisses vorbei<\/b>, um Lederhandschuhe in allen Variationen und Farben zu finden, oder bei&nbsp;<b><a href=\"https:\/\/clausporto.com\/\" style=\"outline: none;\" target=\"_blank\" rel=\"nofollow noopener\">Claus Porto<\/a><\/b>, das seit 1877 einzigartige Seifen, K\u00f6lnisch Wasser, Duftkerzen, Raumdiffusoren und Herrenpflegeprodukte anbietet. Am Anfang der Stra\u00dfe liegt das Einkaufszentrum&nbsp;<a href=\"https:\/\/armazensdochiado.com\/en\/\" style=\"outline: none;\" target=\"_blank\" rel=\"nofollow noopener\">Armaz\u00e9ns do Chiado<\/a> mit 50 Gesch\u00e4ften und einem Food Court. &nbsp;<\/p>\n<ul>\n<li><a href=\"https:\/\/yourmobileguide.com\/\" target=\"_blank\" rel=\"nofollow noopener\" style=\"outline: none;\">YourMobileGuide<\/a> bietet mehrere&nbsp;<strong>selbstgef\u00fchrte Touren durch Lissabon<\/strong> an, wobei der <a href=\"https:\/\/web.yourmobileguide.com\/tours\/portugal\/lissabon\/lissabon-highlights1\" target=\"_blank\" style=\"outline: none;\" rel=\"nofollow noopener\">Audioguide \u201eLissabon Highlights\u201c<\/a> durch das Viertel Chiado f\u00fchrt. Laden Sie es jetzt herunter und erkunden Sie ganz einfach die Stadt, w\u00e4hrend Sie zwischen den Orten einkaufen.&nbsp;<\/li>\n<\/ul>\n<p><span><img decoding=\"async\" alt=\"Rua Dom Pedro V in Lissabon in Portugal\" data-id=\"6871\" width=\"702\" data-init-width=\"1000\" height=\"468\" data-init-height=\"667\" title=\"Rua Dom Pedro V in Lissabon in Portugal\" src=\"https:\/\/lisbontouristinformation.com\/de\/wp-content\/uploads\/2022\/06\/Rua-Dom-Pedro-V-in-Lisbon-in-Portugal.jpg\" data-width=\"702\" data-height=\"468\" style=\"aspect-ratio: auto 1000 \/ 667;\" loading=\"lazy\"><\/span><\/p>\n<h2 id=\"t-1654785322156\" style=\"\">5. Rua da Escola Polit\u00e9cnica &amp; Rua Dom Pedro V<\/h2>\n<p style=\"\">Diese beiden Stra\u00dfen im charmanten Viertel Pr\u00edncipe Real bieten eine fantastische Mischung aus Concept Stores, Designerboutiquen, Handwerks- und Antiquit\u00e4tengesch\u00e4ften. Aber das ist nicht alles! Hier finden Sie <b><a href=\"https:\/\/embaixadalx.pt\/en\/\" style=\"outline: none;\" target=\"_blank\" rel=\"nofollow noopener\">Embaixada<\/a><span style=\"font-weight: normal;\">,<\/span><\/b>&nbsp;einen angesagten Concept Store in einem wundersch\u00f6nen Geb\u00e4ude aus dem 19. Jahrhundert, in dem portugiesische Marken verkauft werden.<\/p>\n<p>Schlendern Sie durch die Stra\u00dfen und kaufen Sie lokal hergestellte Waren und einzigartige Gegenst\u00e4nde, zum Beispiel in Portugals \u00e4ltestem Antiquit\u00e4tengesch\u00e4ft <a href=\"https:\/\/www.solar.com.pt\/\" style=\"outline: none;\" target=\"_blank\" rel=\"nofollow noopener\">Solar Antiques<\/a>,&nbsp;wo Sie eine gro\u00dfartige Auswahl an Azulejo-Fliesen entdecken k\u00f6nnen, oder im historischen Gesch\u00e4ft&nbsp;<a href=\"https:\/\/www.principereal.com\/\" style=\"outline: none;\" target=\"_blank\" rel=\"nofollow noopener\">Principe Real Enxovais<\/a>,&nbsp;das exquisite, feine, handbestickte Bettw\u00e4sche anbietet Tischdecken und vieles mehr.<\/p>\n<h2 id=\"t-1654844356584\" style=\"\">6. Rua do Po\u00e7o dos Negros<\/h2>\n<p style=\"\">Die Rua do Po\u00e7o dos Negros ist die richtige Wahl f\u00fcr Reisende, die bereit sind, sich von Lissabons ber\u00fchmten Touristenattraktionen zu entfernen. Eingebettet zwischen den Vierteln Bairro Alto und Santos wird die Stra\u00dfe zum Aush\u00e4ngeschild <strong>der Kreativszene der Stadt<\/strong>.&nbsp;Hier finden Sie eine Reihe interessanter und kunstvoller Gesch\u00e4fte.<\/p>\n<p style=\"\">Ein interessanter Ort ist der kleine Pop-up-Laden <a href=\"https:\/\/www.instagram.com\/cluberoyale.lisboa\/?hl=de\" target=\"_blank\" style=\"outline: none;\" rel=\"nofollow noopener\">Clube Royale Lisboa<\/a>,&nbsp;der Second-Hand-St\u00fccke und originelle Kreationen verkauft sowie Workshops und ein Kunstcaf\u00e9 anbietet.&nbsp;Die Rua do Po\u00e7o dos Negros ist \u00fcbrigens sehr gut zu erreichen, da hier die <strong>ber\u00fchmte gelbe Stra\u00dfenbahnlinie 28<\/strong> h\u00e4lt.<\/p>\n<p style=\"\">Jetzt kennen Sie einige der besten Einkaufsm\u00f6glichkeiten in Lissabon. Weitere Shopping-Inspirationen finden Sie in unserem Artikel \u00fcber die <a href=\"https:\/\/lisbontouristinformation.com\/de\/lifestyle\/shopping-lissabon\/einkaufszentren-lissabon\/\" style=\"outline: none;\"><strong>besten Einkaufszentren in Lissabon<\/strong>.<\/a><\/p>\n<p style=\"text-align: center;\"><a href=\"https:\/\/www.google.com\/maps\/d\/u\/1\/viewer?mid=1dHG6E0bP-J25U2MUOmVavVyDieKis7U&amp;ll=38.715199191601506%2C-9.145056699999994&amp;z=16\" target=\"_blank\" style=\"outline: none;\" rel=\"noopener\">(Link zur Karte)<\/a><\/p>\n<h2 style=\"\" id=\"t-1639142644260\" data-hide=\"true\">Verwandte Beitr\u00e4ge<\/h2>\n<p><a href=\"https:\/\/lisbontouristinformation.com\/de\/lifestyle\/shopping-lissabon\/\" dynamic-postlink=\"tcb_post_the_permalink\" data-shortcode-id=\"597\"><\/a><\/p>\n<h3 style=\"text-align: center; padding-top: 0px !important; margin-top: 0px !important;\"><span data-attr-link=\"1\" data-attr-rel=\"0\" data-attr-target=\"0\" data-extra_key=\"\" data-option-inline=\"1\" data-shortcode=\"tcb_post_title\" data-shortcode-name=\"Post title\" data-attr-css=\"\" data-attr-static-link=\"{&quot;className&quot;:&quot;&quot;,&quot;href&quot;:&quot;https:\/\/lisbontouristinformation.com\/de\/lifestyle\/shopping-lissabon\/&quot;,&quot;title&quot;:&quot;Guide f\u00fcr Shopping in Lissabon: Was und wo kaufen?&quot;,&quot;class&quot;:&quot;&quot;}\" style=\"\"><a href=\"https:\/\/lisbontouristinformation.com\/de\/lifestyle\/shopping-lissabon\/\" title=\"Guide f\u00fcr Shopping in Lissabon: Was und wo kaufen?\" data-css=\"\">Guide f\u00fcr Shopping in Lissabon: Was und wo kaufen?<\/a><\/span><\/h3>\n<p><a href=\"https:\/\/lisbontouristinformation.com\/de\/lifestyle\/shopping-lissabon\/\" style=\"\"><span style=\"\"><span style=\"\">Weiterlesen<\/span><\/span><\/a><a href=\"https:\/\/lisbontouristinformation.com\/de\/lifestyle\/shopping-lissabon\/einkaufszentren-lissabon\/\" dynamic-postlink=\"tcb_post_the_permalink\" data-shortcode-id=\"597\"><\/a><\/p>\n<h3 style=\"text-align: center; padding-top: 0px !important; margin-top: 0px !important;\"><span data-attr-link=\"1\" data-attr-rel=\"0\" data-attr-target=\"0\" data-extra_key=\"\" data-option-inline=\"1\" data-shortcode=\"tcb_post_title\" data-shortcode-name=\"Post title\" data-attr-css=\"\" data-attr-static-link=\"{&quot;className&quot;:&quot;&quot;,&quot;href&quot;:&quot;https:\/\/lisbontouristinformation.com\/de\/lifestyle\/shopping-lissabon\/&quot;,&quot;title&quot;:&quot;Guide f\u00fcr Shopping in Lissabon: Was und wo kaufen?&quot;,&quot;class&quot;:&quot;&quot;}\" style=\"\"><a href=\"https:\/\/lisbontouristinformation.com\/de\/lifestyle\/shopping-lissabon\/einkaufszentren-lissabon\/\" title=\"10 besten Einkaufszentren in Lissabon [mit Karte]\" data-css=\"\">10 besten Einkaufszentren in Lissabon [mit Karte]<\/a><\/span><\/h3>\n<p><a href=\"https:\/\/lisbontouristinformation.com\/de\/lifestyle\/shopping-lissabon\/einkaufszentren-lissabon\/\" style=\"\"><span style=\"\"><span style=\"\">Weiterlesen<\/span><\/span><\/a><\/p>\n","protected":false},"excerpt":{"rendered":"<p>Lissabons pulsierende Einkaufsstra\u00dfen locken mit einer bunten Mischung aus traditionellen Gesch\u00e4ften, Designerboutiquen, ausgefallenen kleinen L\u00e4den sowie Kunsthandwerks- und Gourmetl\u00e4den. Wir haben eine Liste der besten Einkaufsstra\u00dfen in Lissabon zusammengestellt, darunter einige unserer Lieblingsorte, um Ihnen die Suche nach Ihren neuen Lieblingsst\u00fccken zu erleichtern.&nbsp; 1. Rua Augusta Die Rua Augusta, gekennzeichnet durch einen monumentalen Bogen, ist [&hellip;]<\/p>\n","protected":false},"author":18,"featured_media":6232,"parent":597,"menu_order":0,"comment_status":"open","ping_status":"closed","template":"","meta":{"footnotes":""},"tags":[],"class_list":["post-192","page","type-page","status-publish","has-post-thumbnail","hentry","post-wrapper","thrv_wrapper"],"_links":{"self":[{"href":"https:\/\/lisbontouristinformation.com\/de\/wp-json\/wp\/v2\/pages\/192","targetHints":{"allow":["GET"]}}],"collection":[{"href":"https:\/\/lisbontouristinformation.com\/de\/wp-json\/wp\/v2\/pages"}],"about":[{"href":"https:\/\/lisbontouristinformation.com\/de\/wp-json\/wp\/v2\/types\/page"}],"author":[{"embeddable":true,"href":"https:\/\/lisbontouristinformation.com\/de\/wp-json\/wp\/v2\/users\/18"}],"replies":[{"embeddable":true,"href":"https:\/\/lisbontouristinformation.com\/de\/wp-json\/wp\/v2\/comments?post=192"}],"version-history":[{"count":0,"href":"https:\/\/lisbontouristinformation.com\/de\/wp-json\/wp\/v2\/pages\/192\/revisions"}],"up":[{"embeddable":true,"href":"https:\/\/lisbontouristinformation.com\/de\/wp-json\/wp\/v2\/pages\/597"}],"wp:featuredmedia":[{"embeddable":true,"href":"https:\/\/lisbontouristinformation.com\/de\/wp-json\/wp\/v2\/media\/6232"}],"wp:attachment":[{"href":"https:\/\/lisbontouristinformation.com\/de\/wp-json\/wp\/v2\/media?parent=192"}],"wp:term":[{"taxonomy":"post_tag","embeddable":true,"href":"https:\/\/lisbontouristinformation.com\/de\/wp-json\/wp\/v2\/tags?post=192"}],"curies":[{"name":"wp","href":"https:\/\/api.w.org\/{rel}","templated":true}]}}