{"id":1903,"date":"2020-07-15T05:15:09","date_gmt":"2020-07-15T03:15:09","guid":{"rendered":"https:\/\/lisbontouristinformation.com\/de\/?page_id=1903"},"modified":"2024-01-20T09:34:11","modified_gmt":"2024-01-20T09:34:11","slug":"hotels-lissabon","status":"publish","type":"page","link":"https:\/\/lisbontouristinformation.com\/de\/hotels-lissabon\/","title":{"rendered":"Beste Hotels in Lissabon: Sternehotels, Boutique Hotels, im Zentrum\u2026"},"content":{"rendered":"<h1 style=\"text-align: center;\">Auf der Suche nach einem Hotel in Lissabon?<\/h1>\n<h1 style=\"\">Buchen Sie Ihren Aufenthalt in den besten Hotels von Lissabon<\/h1>\n<p style=\"\">Kontaktieren Sie uns und erhalten Sie den besten Preis f\u00fcr einen Hotelaufenthalt im Herzen von Lissabon. Zuverl\u00e4ssiger Buchungsservice und Support rund um die Uhr.<\/p>\n<h4>Gruppenreservierung<\/h4>\n<p style=\"\">Wir k\u00f6nnen Ihnen den besten Preis f\u00fcr eine Gruppenreservierung in einem gem\u00fctlichen Hotel im Zentrum von Lissabon arrangieren.<\/p>\n<h4>Angebote f\u00fcr Paare<\/h4>\n<p style=\"\">Flitterwochen oder romantischer Kurzurlaub in Lissabon? Fragen Sie uns nach einem kostenlosen Angebot f\u00fcr die besten Hotels f\u00fcr Paare.<\/p>\n<h4>Einzelaufenthalt<\/h4>\n<p style=\"\">Wir finden f\u00fcr Sie die perfekte Lage und den perfekten Hotelpreis ganz nach Ihren Bed\u00fcrfnissen und W\u00fcnschen.<\/p>\n<h2>Buchen Sie das beste Hotel zum besten Preis f\u00fcr Ihren Aufenthalt in Lissabon<\/h2>\n<p>Unser engagiertes Expertenteam verf\u00fcgt \u00fcber 25 Jahre Erfahrung im Reisebereich in Europa. Mit unserem Partnernetzwerk in Portugal finden wir f\u00fcr Sie den besten Preis und die beste Hoteloption f\u00fcr alle Arten von Aufenthalten in Lissabon und anderen portugiesischen St\u00e4dten. Hier sind einige beliebte Hotelkategorien in Lissabon:<\/p>\n<ul>\n<li><a href=\"https:\/\/lisbontouristinformation.com\/de\/hotels-lissabon\/5-sterne\/\" style=\"outline: none;\">Die besten 5-Sterne-Hotels in Lissabon<\/a><\/li>\n<li><a href=\"https:\/\/lisbontouristinformation.com\/de\/hotels-lissabon\/4-sterne\/\" style=\"outline: none;\">Die besten 4-Sterne-Hotels in Lissabon<\/a><\/li>\n<li><a href=\"https:\/\/lisbontouristinformation.com\/de\/hotels-lissabon\/3-sterne\/\" style=\"outline: none;\">Die besten 3-Sterne-Hotels in Lissabon<\/a><\/li>\n<li><a href=\"https:\/\/lisbontouristinformation.com\/de\/hotels-lissabon\/hotels-lissabon-zentrum\/\" style=\"outline: none;\">Bestbewertete Hotels im Zentrum von Lissabon<\/a><\/li>\n<li><a href=\"https:\/\/lisbontouristinformation.com\/de\/hotels-lissabon\/historische-hotels\/\" style=\"outline: none;\">Die besten historischen Hotels in Lissabon<\/a><\/li>\n<li><a href=\"https:\/\/lisbontouristinformation.com\/de\/hotels-lissabon\/boutique-hotels\/\" style=\"outline: none;\">Die besten Boutique-Hotels in Lissabon<\/a><\/li>\n<li><a href=\"https:\/\/lisbontouristinformation.com\/de\/hotels-lissabon\/hotels-lissabon-flughafen\/\" style=\"outline: none;\">Die besten Flughafenhotels in Lissabon<\/a><\/li>\n<li><a href=\"https:\/\/lisbontouristinformation.com\/de\/hotels-lissabon\/hotels-mit-pool\/\" style=\"outline: none;\">Die besten Hotels mit Pool in Lissabon<\/a><\/li>\n<li><a href=\"https:\/\/lisbontouristinformation.com\/de\/hotels-lissabon\/romantische-hotels-lissabon\/\" style=\"outline: none;\">Die besten romantischen Hotels in Lissabon<\/a><\/li>\n<li><a href=\"https:\/\/lisbontouristinformation.com\/de\/hotels-lissabon\/gruppenhotels\/\" style=\"outline: none;\">Die besten Gruppenhotels in Lissabon<\/a><\/li>\n<\/ul>\n<p>Holen Sie sich weitere Informationen und ein kostenloses Angebot f\u00fcr Ihre Reise nach Lissabon. Kontaktieren Sie unser Expertenteam \u00fcber das <strong>unten stehende Kontaktformular<\/strong>.&nbsp;Wir werden uns in weniger als 48 Stunden bei Ihnen melden.<\/p>\n<p>Wenn Sie nicht wissen, in welchem Viertel Sie w\u00e4hrend Ihrer Reise nach Lissabon \u00fcbernachten sollen, finden Sie hier 2 Artikel, die Ihnen helfen werden: <a href=\"https:\/\/lisbontouristinformation.com\/de\/planen\/stadtteile-von-lissabon\/\">19 Stadtteile von Lissabon<\/a>&nbsp;und was Sie sehen und tun sollten + <a href=\"https:\/\/lisbontouristinformation.com\/de\/hotels-lissabon\/lissabon-wo-uebernachten\/\" style=\"outline: none;\">Wo Sie in Lissabon \u00fcbernachten sollten<\/a><\/p>\n<h2 style=\"text-align: center;\">Holen Sie sich jetzt Ihr kostenloses Angebot<\/h2>\n<h2 style=\"text-align: center;\">Hotelbezogene Beitr\u00e4ge<\/h2>\n<p><a href=\"https:\/\/lisbontouristinformation.com\/de\/hotels-lissabon\/historische-hotels\/\" dynamic-postlink=\"tcb_post_the_permalink\" data-shortcode-id=\"5805\"><\/a><\/p>\n<h3 style=\"text-align: center; padding-top: 0px !important; margin-top: 0px !important;\"><span data-attr-link=\"1\" data-attr-rel=\"0\" data-attr-target=\"0\" data-extra_key=\"\" data-option-inline=\"1\" data-shortcode=\"tcb_post_title\" data-shortcode-name=\"Post title\" data-attr-css=\"\" data-attr-static-link=\"{&quot;className&quot;:&quot;&quot;,&quot;href&quot;:&quot;https:\/\/lisbontouristinformation.com\/de\/hotels-lissabon\/historische-hotels\/&quot;,&quot;title&quot;:&quot;11 besten historischen Hotels in Lissabon&quot;,&quot;class&quot;:&quot;&quot;}\" style=\"\"><a href=\"https:\/\/lisbontouristinformation.com\/de\/hotels-lissabon\/historische-hotels\/\" title=\"11 besten historischen Hotels in Lissabon\" data-css=\"\">11 besten historischen Hotels in Lissabon<\/a><\/span><\/h3>\n<p><a href=\"https:\/\/lisbontouristinformation.com\/de\/hotels-lissabon\/historische-hotels\/\" style=\"\"><span style=\"\"><span style=\"\">Weiterlesen<\/span><\/span><\/a><a href=\"https:\/\/lisbontouristinformation.com\/de\/hotels-lissabon\/hotels-lissabon-zentrum\/\" dynamic-postlink=\"tcb_post_the_permalink\" data-shortcode-id=\"5805\"><\/a><\/p>\n<h3 style=\"text-align: center; padding-top: 0px !important; margin-top: 0px !important;\"><span data-attr-link=\"1\" data-attr-rel=\"0\" data-attr-target=\"0\" data-extra_key=\"\" data-option-inline=\"1\" data-shortcode=\"tcb_post_title\" data-shortcode-name=\"Post title\" data-attr-css=\"\" data-attr-static-link=\"{&quot;className&quot;:&quot;&quot;,&quot;href&quot;:&quot;https:\/\/lisbontouristinformation.com\/de\/hotels-lissabon\/historische-hotels\/&quot;,&quot;title&quot;:&quot;11 besten historischen Hotels in Lissabon&quot;,&quot;class&quot;:&quot;&quot;}\" style=\"\"><a href=\"https:\/\/lisbontouristinformation.com\/de\/hotels-lissabon\/hotels-lissabon-zentrum\/\" title=\"12 bestbewerteten Hotels im Zentrum von Lissabon: Alfama, Graca, Rossio\" data-css=\"\">12 bestbewerteten Hotels im Zentrum von Lissabon: Alfama, Graca, Rossio<\/a><\/span><\/h3>\n<p><a href=\"https:\/\/lisbontouristinformation.com\/de\/hotels-lissabon\/hotels-lissabon-zentrum\/\" style=\"\"><span style=\"\"><span style=\"\">Weiterlesen<\/span><\/span><\/a><a href=\"https:\/\/lisbontouristinformation.com\/de\/hotels-lissabon\/gruppenhotels\/\" dynamic-postlink=\"tcb_post_the_permalink\" data-shortcode-id=\"5805\"><\/a><\/p>\n<h3 style=\"text-align: center; padding-top: 0px !important; margin-top: 0px !important;\"><span data-attr-link=\"1\" data-attr-rel=\"0\" data-attr-target=\"0\" data-extra_key=\"\" data-option-inline=\"1\" data-shortcode=\"tcb_post_title\" data-shortcode-name=\"Post title\" data-attr-css=\"\" data-attr-static-link=\"{&quot;className&quot;:&quot;&quot;,&quot;href&quot;:&quot;https:\/\/lisbontouristinformation.com\/de\/hotels-lissabon\/historische-hotels\/&quot;,&quot;title&quot;:&quot;11 besten historischen Hotels in Lissabon&quot;,&quot;class&quot;:&quot;&quot;}\" style=\"\"><a href=\"https:\/\/lisbontouristinformation.com\/de\/hotels-lissabon\/gruppenhotels\/\" title=\"12 besten Gruppenhotels in Lissabon\" data-css=\"\">12 besten Gruppenhotels in Lissabon<\/a><\/span><\/h3>\n<p><a href=\"https:\/\/lisbontouristinformation.com\/de\/hotels-lissabon\/gruppenhotels\/\" style=\"\"><span style=\"\"><span style=\"\">Weiterlesen<\/span><\/span><\/a><a href=\"https:\/\/lisbontouristinformation.com\/de\/hotels-lissabon\/hotels-mit-pool\/\" dynamic-postlink=\"tcb_post_the_permalink\" data-shortcode-id=\"5805\"><\/a><\/p>\n<h3 style=\"text-align: center; padding-top: 0px !important; margin-top: 0px !important;\"><span data-attr-link=\"1\" data-attr-rel=\"0\" data-attr-target=\"0\" data-extra_key=\"\" data-option-inline=\"1\" data-shortcode=\"tcb_post_title\" data-shortcode-name=\"Post title\" data-attr-css=\"\" data-attr-static-link=\"{&quot;className&quot;:&quot;&quot;,&quot;href&quot;:&quot;https:\/\/lisbontouristinformation.com\/de\/hotels-lissabon\/historische-hotels\/&quot;,&quot;title&quot;:&quot;11 besten historischen Hotels in Lissabon&quot;,&quot;class&quot;:&quot;&quot;}\" style=\"\"><a href=\"https:\/\/lisbontouristinformation.com\/de\/hotels-lissabon\/hotels-mit-pool\/\" title=\"12 besten Hotels mit Pool in Lissabon\" data-css=\"\">12 besten Hotels mit Pool in Lissabon<\/a><\/span><\/h3>\n<p><a href=\"https:\/\/lisbontouristinformation.com\/de\/hotels-lissabon\/hotels-mit-pool\/\" style=\"\"><span style=\"\"><span style=\"\">Weiterlesen<\/span><\/span><\/a><a href=\"https:\/\/lisbontouristinformation.com\/de\/hotels-lissabon\/boutique-hotels\/\" dynamic-postlink=\"tcb_post_the_permalink\" data-shortcode-id=\"5805\"><\/a><\/p>\n<h3 style=\"text-align: center; padding-top: 0px !important; margin-top: 0px !important;\"><span data-attr-link=\"1\" data-attr-rel=\"0\" data-attr-target=\"0\" data-extra_key=\"\" data-option-inline=\"1\" data-shortcode=\"tcb_post_title\" data-shortcode-name=\"Post title\" data-attr-css=\"\" data-attr-static-link=\"{&quot;className&quot;:&quot;&quot;,&quot;href&quot;:&quot;https:\/\/lisbontouristinformation.com\/de\/hotels-lissabon\/historische-hotels\/&quot;,&quot;title&quot;:&quot;11 besten historischen Hotels in Lissabon&quot;,&quot;class&quot;:&quot;&quot;}\" style=\"\"><a href=\"https:\/\/lisbontouristinformation.com\/de\/hotels-lissabon\/boutique-hotels\/\" title=\"15 besten Boutique-Hotels in Lissabon\" data-css=\"\">15 besten Boutique-Hotels in Lissabon<\/a><\/span><\/h3>\n<p><a href=\"https:\/\/lisbontouristinformation.com\/de\/hotels-lissabon\/boutique-hotels\/\" style=\"\"><span style=\"\"><span style=\"\">Weiterlesen<\/span><\/span><\/a><a href=\"https:\/\/lisbontouristinformation.com\/de\/hotels-lissabon\/romantische-hotels-lissabon\/\" dynamic-postlink=\"tcb_post_the_permalink\" data-shortcode-id=\"5805\"><\/a><\/p>\n<h3 style=\"text-align: center; padding-top: 0px !important; margin-top: 0px !important;\"><span data-attr-link=\"1\" data-attr-rel=\"0\" data-attr-target=\"0\" data-extra_key=\"\" data-option-inline=\"1\" data-shortcode=\"tcb_post_title\" data-shortcode-name=\"Post title\" data-attr-css=\"\" data-attr-static-link=\"{&quot;className&quot;:&quot;&quot;,&quot;href&quot;:&quot;https:\/\/lisbontouristinformation.com\/de\/hotels-lissabon\/historische-hotels\/&quot;,&quot;title&quot;:&quot;11 besten historischen Hotels in Lissabon&quot;,&quot;class&quot;:&quot;&quot;}\" style=\"\"><a href=\"https:\/\/lisbontouristinformation.com\/de\/hotels-lissabon\/romantische-hotels-lissabon\/\" title=\"16 romantische Hotels f\u00fcr Ihre Flitterwochen in Lissabon\" data-css=\"\">16 romantische Hotels f\u00fcr Ihre Flitterwochen in Lissabon<\/a><\/span><\/h3>\n<p><a href=\"https:\/\/lisbontouristinformation.com\/de\/hotels-lissabon\/romantische-hotels-lissabon\/\" style=\"\"><span style=\"\"><span style=\"\">Weiterlesen<\/span><\/span><\/a><a href=\"https:\/\/lisbontouristinformation.com\/de\/hotels-lissabon\/3-sterne\/\" dynamic-postlink=\"tcb_post_the_permalink\" data-shortcode-id=\"5805\"><\/a><\/p>\n<h3 style=\"text-align: center; padding-top: 0px !important; margin-top: 0px !important;\"><span data-attr-link=\"1\" data-attr-rel=\"0\" data-attr-target=\"0\" data-extra_key=\"\" data-option-inline=\"1\" data-shortcode=\"tcb_post_title\" data-shortcode-name=\"Post title\" data-attr-css=\"\" data-attr-static-link=\"{&quot;className&quot;:&quot;&quot;,&quot;href&quot;:&quot;https:\/\/lisbontouristinformation.com\/de\/hotels-lissabon\/historische-hotels\/&quot;,&quot;title&quot;:&quot;11 besten historischen Hotels in Lissabon&quot;,&quot;class&quot;:&quot;&quot;}\" style=\"\"><a href=\"https:\/\/lisbontouristinformation.com\/de\/hotels-lissabon\/3-sterne\/\" title=\"3 Sterne Hotels in Lissabon\" data-css=\"\">3 Sterne Hotels in Lissabon<\/a><\/span><\/h3>\n<p><a href=\"https:\/\/lisbontouristinformation.com\/de\/hotels-lissabon\/3-sterne\/\" style=\"\"><span style=\"\"><span style=\"\">Weiterlesen<\/span><\/span><\/a><a href=\"https:\/\/lisbontouristinformation.com\/de\/hotels-lissabon\/hotels-lissabon-flughafen\/\" dynamic-postlink=\"tcb_post_the_permalink\" data-shortcode-id=\"5805\"><\/a><\/p>\n<h3 style=\"text-align: center; padding-top: 0px !important; margin-top: 0px !important;\"><span data-attr-link=\"1\" data-attr-rel=\"0\" data-attr-target=\"0\" data-extra_key=\"\" data-option-inline=\"1\" data-shortcode=\"tcb_post_title\" data-shortcode-name=\"Post title\" data-attr-css=\"\" data-attr-static-link=\"{&quot;className&quot;:&quot;&quot;,&quot;href&quot;:&quot;https:\/\/lisbontouristinformation.com\/de\/hotels-lissabon\/historische-hotels\/&quot;,&quot;title&quot;:&quot;11 besten historischen Hotels in Lissabon&quot;,&quot;class&quot;:&quot;&quot;}\" style=\"\"><a href=\"https:\/\/lisbontouristinformation.com\/de\/hotels-lissabon\/hotels-lissabon-flughafen\/\" title=\"5 besten Hotels am Flughafen in Lissabon\" data-css=\"\">5 besten Hotels am Flughafen in Lissabon<\/a><\/span><\/h3>\n<p><a href=\"https:\/\/lisbontouristinformation.com\/de\/hotels-lissabon\/hotels-lissabon-flughafen\/\" style=\"\"><span style=\"\"><span style=\"\">Weiterlesen<\/span><\/span><\/a><a href=\"https:\/\/lisbontouristinformation.com\/de\/hotels-lissabon\/\" dynamic-postlink=\"tcb_post_the_permalink\" data-shortcode-id=\"5805\"><\/a><\/p>\n<h3 style=\"text-align: center; padding-top: 0px !important; margin-top: 0px !important;\"><span data-attr-link=\"1\" data-attr-rel=\"0\" data-attr-target=\"0\" data-extra_key=\"\" data-option-inline=\"1\" data-shortcode=\"tcb_post_title\" data-shortcode-name=\"Post title\" data-attr-css=\"\" data-attr-static-link=\"{&quot;className&quot;:&quot;&quot;,&quot;href&quot;:&quot;https:\/\/lisbontouristinformation.com\/de\/hotels-lissabon\/historische-hotels\/&quot;,&quot;title&quot;:&quot;11 besten historischen Hotels in Lissabon&quot;,&quot;class&quot;:&quot;&quot;}\" style=\"\"><a href=\"https:\/\/lisbontouristinformation.com\/de\/hotels-lissabon\/\" title=\"Beste Hotels in Lissabon: Sternehotels, Boutique Hotels, im Zentrum\u2026\" data-css=\"\">Beste Hotels in Lissabon: Sternehotels, Boutique Hotels, im Zentrum\u2026<\/a><\/span><\/h3>\n<p><a href=\"https:\/\/lisbontouristinformation.com\/de\/hotels-lissabon\/\" style=\"\"><span style=\"\"><span style=\"\">Weiterlesen<\/span><\/span><\/a><a href=\"https:\/\/lisbontouristinformation.com\/de\/hotels-lissabon\/5-sterne\/\" dynamic-postlink=\"tcb_post_the_permalink\" data-shortcode-id=\"5805\"><\/a><\/p>\n<h3 style=\"text-align: center; padding-top: 0px !important; margin-top: 0px !important;\"><span data-attr-link=\"1\" data-attr-rel=\"0\" data-attr-target=\"0\" data-extra_key=\"\" data-option-inline=\"1\" data-shortcode=\"tcb_post_title\" data-shortcode-name=\"Post title\" data-attr-css=\"\" data-attr-static-link=\"{&quot;className&quot;:&quot;&quot;,&quot;href&quot;:&quot;https:\/\/lisbontouristinformation.com\/de\/hotels-lissabon\/historische-hotels\/&quot;,&quot;title&quot;:&quot;11 besten historischen Hotels in Lissabon&quot;,&quot;class&quot;:&quot;&quot;}\" style=\"\"><a href=\"https:\/\/lisbontouristinformation.com\/de\/hotels-lissabon\/5-sterne\/\" title=\"Exklusive 5-Sterne Hotels in Lissabon\" data-css=\"\">Exklusive 5-Sterne Hotels in Lissabon<\/a><\/span><\/h3>\n<p><a href=\"https:\/\/lisbontouristinformation.com\/de\/hotels-lissabon\/5-sterne\/\" style=\"\"><span style=\"\"><span style=\"\">Weiterlesen<\/span><\/span><\/a><a href=\"https:\/\/lisbontouristinformation.com\/de\/hotels-lissabon\/4-sterne\/\" dynamic-postlink=\"tcb_post_the_permalink\" data-shortcode-id=\"5805\"><\/a><\/p>\n<h3 style=\"text-align: center; padding-top: 0px !important; margin-top: 0px !important;\"><span data-attr-link=\"1\" data-attr-rel=\"0\" data-attr-target=\"0\" data-extra_key=\"\" data-option-inline=\"1\" data-shortcode=\"tcb_post_title\" data-shortcode-name=\"Post title\" data-attr-css=\"\" data-attr-static-link=\"{&quot;className&quot;:&quot;&quot;,&quot;href&quot;:&quot;https:\/\/lisbontouristinformation.com\/de\/hotels-lissabon\/historische-hotels\/&quot;,&quot;title&quot;:&quot;11 besten historischen Hotels in Lissabon&quot;,&quot;class&quot;:&quot;&quot;}\" style=\"\"><a href=\"https:\/\/lisbontouristinformation.com\/de\/hotels-lissabon\/4-sterne\/\" title=\"Tolle 4 Sterne Hotels in Lissabon\" data-css=\"\">Tolle 4 Sterne Hotels in Lissabon<\/a><\/span><\/h3>\n<p><a href=\"https:\/\/lisbontouristinformation.com\/de\/hotels-lissabon\/4-sterne\/\" style=\"\"><span style=\"\"><span style=\"\">Weiterlesen<\/span><\/span><\/a><a href=\"https:\/\/lisbontouristinformation.com\/de\/hotels-lissabon\/lissabon-wo-uebernachten\/\" dynamic-postlink=\"tcb_post_the_permalink\" data-shortcode-id=\"5805\"><\/a><\/p>\n<h3 style=\"text-align: center; padding-top: 0px !important; margin-top: 0px !important;\"><span data-attr-link=\"1\" data-attr-rel=\"0\" data-attr-target=\"0\" data-extra_key=\"\" data-option-inline=\"1\" data-shortcode=\"tcb_post_title\" data-shortcode-name=\"Post title\" data-attr-css=\"\" data-attr-static-link=\"{&quot;className&quot;:&quot;&quot;,&quot;href&quot;:&quot;https:\/\/lisbontouristinformation.com\/de\/hotels-lissabon\/historische-hotels\/&quot;,&quot;title&quot;:&quot;11 besten historischen Hotels in Lissabon&quot;,&quot;class&quot;:&quot;&quot;}\" style=\"\"><a href=\"https:\/\/lisbontouristinformation.com\/de\/hotels-lissabon\/lissabon-wo-uebernachten\/\" title=\"Wo \u00fcbernachten in Lissabon? 5 Viertel, die man kennen sollte\" data-css=\"\">Wo \u00fcbernachten in Lissabon? 5 Viertel, die man kennen sollte<\/a><\/span><\/h3>\n<p><a href=\"https:\/\/lisbontouristinformation.com\/de\/hotels-lissabon\/lissabon-wo-uebernachten\/\" style=\"\"><span style=\"\"><span style=\"\">Weiterlesen<\/span><\/span><\/a><a href=\"javascript:void(0)\" style=\"\"><span style=\"\"><span style=\"\">Load More<\/span><\/span><\/a><\/p>\n","protected":false},"excerpt":{"rendered":"<p>Auf der Suche nach einem Hotel in Lissabon? Buchen Sie Ihren Aufenthalt in den besten Hotels von Lissabon Kontaktieren Sie uns und erhalten Sie den besten Preis f\u00fcr einen Hotelaufenthalt im Herzen von Lissabon. Zuverl\u00e4ssiger Buchungsservice und Support rund um die Uhr. Gruppenreservierung Wir k\u00f6nnen Ihnen den besten Preis f\u00fcr eine Gruppenreservierung in einem gem\u00fctlichen [&hellip;]<\/p>\n","protected":false},"author":18,"featured_media":6545,"parent":0,"menu_order":0,"comment_status":"closed","ping_status":"closed","template":"","meta":{"footnotes":""},"tags":[75],"class_list":["post-1903","page","type-page","status-publish","has-post-thumbnail","hentry","tag-lisbon-hotels","post-wrapper","thrv_wrapper"],"_links":{"self":[{"href":"https:\/\/lisbontouristinformation.com\/de\/wp-json\/wp\/v2\/pages\/1903","targetHints":{"allow":["GET"]}}],"collection":[{"href":"https:\/\/lisbontouristinformation.com\/de\/wp-json\/wp\/v2\/pages"}],"about":[{"href":"https:\/\/lisbontouristinformation.com\/de\/wp-json\/wp\/v2\/types\/page"}],"author":[{"embeddable":true,"href":"https:\/\/lisbontouristinformation.com\/de\/wp-json\/wp\/v2\/users\/18"}],"replies":[{"embeddable":true,"href":"https:\/\/lisbontouristinformation.com\/de\/wp-json\/wp\/v2\/comments?post=1903"}],"version-history":[{"count":0,"href":"https:\/\/lisbontouristinformation.com\/de\/wp-json\/wp\/v2\/pages\/1903\/revisions"}],"wp:featuredmedia":[{"embeddable":true,"href":"https:\/\/lisbontouristinformation.com\/de\/wp-json\/wp\/v2\/media\/6545"}],"wp:attachment":[{"href":"https:\/\/lisbontouristinformation.com\/de\/wp-json\/wp\/v2\/media?parent=1903"}],"wp:term":[{"taxonomy":"post_tag","embeddable":true,"href":"https:\/\/lisbontouristinformation.com\/de\/wp-json\/wp\/v2\/tags?post=1903"}],"curies":[{"name":"wp","href":"https:\/\/api.w.org\/{rel}","templated":true}]}}